{"id":9731,"date":"2007-10-08T05:45:41","date_gmt":"2007-10-08T03:45:41","guid":{"rendered":"https:\/\/www.gambaru.de\/blog\/?page_id=4"},"modified":"2007-10-08T05:45:41","modified_gmt":"2007-10-08T03:45:41","slug":"uber-gambaru","status":"publish","type":"page","link":"https:\/\/gambaru.de\/blog\/uber-gambaru\/","title":{"rendered":"\u00dcber gambaru"},"content":{"rendered":"<p>Gambaru.de ist ein privates Weblog, welches vor allem die Themen Freie Software, Open Source, Linux und Spielen unter Linux aufgreift. Dabei stehen die beiden Linuxdistributionen Debian und Ubuntu im Vordergrund, die ich seit 2001 (Debian) bzw. 2006 (Ubuntu) benutze. Ein Schwerpunkt meines Blogs sind \u00e4ltere Computer und wie man sie mit Freier Software weiterhin produktiv nutzen kann.<br \/>\nDie Artikel sollen interessante Themen zu Linux aufgreifen, L\u00f6sungen zu Problemen bieten und m\u00f6glichst einfache Anleitungen und Hilfe liefern. Vielleicht ist das damit auch meine Art etwas f\u00fcr Open Source zu tun und um gleichzeitig ein Nachschlagewerk f\u00fcr mich selbst zu haben.\u00a0 \ud83d\ude09<br \/>\nDie Idee zu Gambaru.de leitet sich von dem japanischen Verb ganbaru ab. Es bedeutet soviel wie \"sein Bestes geben\" oder \"dranbleiben und nicht aufgeben\". In dem Begriff schwingt aber auch der Gedanke mit, sich selbst oder etwas gemeinsam mit anderen kontinuierlich zu verbessern.<br \/>\nIch denke das trifft auch ganz gut auf einen Aspekt von Freier Software und Open Source zu. Kurz gesagt: Der Weg ist das Ziel.<br \/>\nAlle Artikel des Weblogs auf <a title=\"www.gambaru.de\" href=\"https:\/\/www.gambaru.de\">www.gambaru.de<\/a> stehen unter der <a href=\"http:\/\/creativecommons.org\/licenses\/by-sa\/3.0\/de\/\" rel=\"license\"><img decoding=\"async\" style=\"border-width: 0;\" src=\"https:\/\/gambaru.de\/blog\/wp-content\/uploads\/2016\/06\/cc-by-sa-3.0-1-footer-1-1.png\" alt=\"Creative Commons Lizenzvertrag\" \/><\/a> <a href=\"http:\/\/creativecommons.org\/licenses\/by-sa\/3.0\/de\/\" rel=\"license\">Creative Commons Attribution-ShareAlike 3.0 Germany License<\/a>.<br \/>\nEin Link oder Verweis auf den entsprechenden Blogartikel gen\u00fcgt als Namensnennung vollkommen.<br \/>\nBesonderer Dank geht an<a href=\"https:\/\/unsplash.com\/@bbell11\"> Brooke Bell<\/a> f\u00fcr das Stonehenge-Foto auf der Startseite.<br \/>\nDie Artikel spiegeln ausschlie\u00dflich meine pers\u00f6nliche Meinung wider. Bitte versteht, dass ich Euch keinen individuellen Support bei Fragen zu Linux bieten kann, werde aber versuchen alle Eure Kommentare zu bestimmten Blogartikeln zu beantworten.<br \/>\nF\u00fcr alle, die Hilfe mit Linux suchen, kann ich das sehr gute <a title=\"Wiki bei ubuntuusers.de\" href=\"http:\/\/wiki.ubuntuusers.de\/\">Wiki auf ubuntuusers.de<\/a> und die anderen permanent in der rechten Seitennavigation angebrachten Links empfehlen.<br \/>\nMein Name ist Markus Koschany und ich schreibe auf gambaru.de unter dem Pseudonym apo. Der einfachste Weg mit mir in Kontakt zu treten, ist einen Kommentar zu einem Artikel zu hinterlassen oder eine E-Mail an <strong>apo<\/strong> [\/\u00e4t] <strong>gambaru de<\/strong> zu schreiben.<br \/>\nViele Gr\u00fc\u00dfe<br \/>\nMarkus (apo)<\/p>\n<hr \/>\n<h2>\u00dcbersicht \u00fcber die Kategorien auf gambaru.de<\/h2>\n<h3>Distributionen<\/h3>\n<p>Neben Debian und Ubuntu bin ich immer auf der Suche nach alternativen Ideen und Konzepten. Es gibt viele weniger bekannte Distributionen, die im Schatten der Gro\u00dfen stehen, aber eine wichtige Funktion \u00fcbernehmen, eine Nische ausf\u00fcllen, aus der Masse der Derivate herausragen oder die mich einfach interessieren. Ich denke diese Vielfalt ist gerade eine besondere St\u00e4rke von Freier Software und Linux und am Ende kann sich jeder sein eigenes Ideal eines Betriebssystems zusammenstellen. In der Kategorie \"Distributionen\" stelle ich diese oft \"leichtgewichtigen\" Linuxvarianten vor.<\/p>\n<h3>Ideen mit Linux<\/h3>\n<p>\"Ideen mit Linux\" ist meine allgemeine Kategorie f\u00fcr Gedanken \u00fcber Linux, grafische Anwendungen und Anleitungen, die sich nicht \u00fcberwiegend auf die Benutzung der Konsole konzentrieren. Hier finden sich Vorstellungen von Freier Software, Tipps und Tricks im Umgang mit den Programmen und alles andere was auf Linux und Freie Software bezogen ist, aber nicht in die anderen Kategorien passt.<\/p>\n<h3>Leben auf der Konsole<\/h3>\n<p>Mit dieser Kategorie versuche ich interessante und ressourcenschonende Anwendungen f\u00fcr die Konsole vorzustellen, die ich selbst oft benutze oder gerade dabei bin mich n\u00e4her mit ihnen zu besch\u00e4ftigen. Au\u00dferdem landen hier alle Ideen, wie man mit wenigen Befehlen in einem Terminalemulator oder der virtuellen Konsole eine Aufgabe l\u00f6sen kann.<br \/>\nDie Kategorie ist nicht dazu gedacht Profis oder Systemadministratoren die letzten Kniffe zu lehren, sondern M\u00f6glichkeiten aufzuzeigen, wie man mit ein paar Kommandos ein Problem mit Freier Software l\u00f6sen kann und selbst scheinbar veraltete Hardware sinnvoll und effektiv einsetzt. Des Weiteren landen hier Beitr\u00e4ge zur Softwareentwicklung mit Debian, Ubuntu und anderen Distributionen.<\/p>\n<h3>Spiele mit Linux<\/h3>\n<p>Meiner Meinung nach ist f\u00fcr viele die mangelnde Unterst\u00fctzung mancher Hersteller f\u00fcr Spiele auf Linuxbasis ein Problem sich n\u00e4her mit diesem Freien Betriebssystem zu besch\u00e4ftigen. Im Gegenteil glaube ich, dass es schon sehr viele Spiele gibt, die man mit Linux spielen kann, weswegen ich manche davon gerne in den Unterkategorien Nativ, mit ScummVM und Wine vorstelle.<\/p>\n","protected":false},"excerpt":{"rendered":"<p>Gambaru.de ist ein privates Weblog, welches vor allem die Themen Freie Software, Open Source, Linux und Spielen unter Linux aufgreift. Dabei stehen die beiden Linuxdistributionen Debian und Ubuntu im Vordergrund, die ich seit 2001 (Debian) bzw. 2006 (Ubuntu) benutze. Ein Schwerpunkt meines Blogs sind \u00e4ltere Computer und wie man sie mit Freier Software weiterhin produktiv &hellip; <\/p>\n<p class=\"link-more\"><a href=\"https:\/\/gambaru.de\/blog\/uber-gambaru\/\" class=\"more-link\"><span class=\"screen-reader-text\">\u201e\u00dcber gambaru\u201c<\/span> weiterlesen<\/a><\/p>\n","protected":false},"author":1,"featured_media":0,"parent":0,"menu_order":0,"comment_status":"closed","ping_status":"closed","template":"","meta":[],"_links":{"self":[{"href":"https:\/\/gambaru.de\/blog\/wp-json\/wp\/v2\/pages\/9731"}],"collection":[{"href":"https:\/\/gambaru.de\/blog\/wp-json\/wp\/v2\/pages"}],"about":[{"href":"https:\/\/gambaru.de\/blog\/wp-json\/wp\/v2\/types\/page"}],"author":[{"embeddable":true,"href":"https:\/\/gambaru.de\/blog\/wp-json\/wp\/v2\/users\/1"}],"replies":[{"embeddable":true,"href":"https:\/\/gambaru.de\/blog\/wp-json\/wp\/v2\/comments?post=9731"}],"version-history":[{"count":0,"href":"https:\/\/gambaru.de\/blog\/wp-json\/wp\/v2\/pages\/9731\/revisions"}],"wp:attachment":[{"href":"https:\/\/gambaru.de\/blog\/wp-json\/wp\/v2\/media?parent=9731"}],"curies":[{"name":"wp","href":"https:\/\/api.w.org\/{rel}","templated":true}]}}