{"id":3593,"date":"2011-09-02T15:05:55","date_gmt":"2011-09-02T13:05:55","guid":{"rendered":"https:\/\/www.gambaru.de\/blog\/?page_id=3593"},"modified":"2011-09-02T15:05:55","modified_gmt":"2011-09-02T13:05:55","slug":"software","status":"publish","type":"page","link":"https:\/\/gambaru.de\/blog\/software\/","title":{"rendered":"Software"},"content":{"rendered":"<p>Hier ist eine \u00dcbersicht zu leichtgewichtiger Software, die ich pers\u00f6nlich verwende. Sie ist in Software mit einer grafischen Benutzeroberfl\u00e4che (mit X) und Konsolenanwendungen (ohne X) aufgeteilt.<\/p>\n<div align=\"center\">\n<h2><a href=\"https:\/\/www.gambaru.de\/blog\/software\/mit-x\/\">mit X<\/a><\/h2>\n<\/div>\n<div align=\"center\">\n<h2><a href=\"https:\/\/www.gambaru.de\/blog\/software\/ohne-x\/\">ohne X<\/a><\/h2>\n<\/div>\n<p>F\u00fcr alle Anwendungen gilt:<\/p>\n<ol>\n<li>Sie funktionieren problemlos auf meinen <a href=\"https:\/\/www.gambaru.de\/blog\/hardware\/\">\u00e4lteren Computern<\/a>.<\/li>\n<li>Sie konzentrieren sich auf eine Aufgabe und erf\u00fcllen diese ohne Wenn und Aber.<\/li>\n<li>Sie ziehen den Rechner nicht herunter und reagieren schnell auf Eingaben oder Mausklicks.<\/li>\n<li>Sie sind gen\u00fcgsam und ressourcenschonend.<\/li>\n<li>Ich benutze sie regelm\u00e4\u00dfig oder habe das in der Vergangenheit getan.<\/li>\n<\/ol>\n<p>Als Kaufgrund f\u00fcr einen neuen PC wird oft angef\u00fchrt, dass der alte zu langsam geworden sei. Anders formuliert k\u00f6nnte man auch sagen, die installierte Software b\u00fcrdet dem Rechner so viel Last auf, dass er nur noch tr\u00e4ge auf Eingaben und Befehle reagiert. Seltsamerweise konnte man schon vor mehr als einem Jahrzehnt Musik h\u00f6ren, im Web surfen, Briefe und E-Mails schreiben und auch Filme anschauen. Schaut man sich das Problem genauer an sind die \u00dcbelt\u00e4ter schnell ausgemacht: 3D Spiele, Video- und Bildbearbeitung, der Webbrowser und Software, die verschwenderisch mit Systemressourcen umgeht. Die vorgestellten Anwendungen laufen problemlos auch auf \u00e4lteren Rechnern, womit sich auch weniger leistungsf\u00e4hige Hardware noch sinnvoll einsetzen l\u00e4sst und die Nutzungsdauer verl\u00e4ngert wird. Das gesparte Geld l\u00e4sst sich sicher besser investieren.<br \/>\nVerschiedene Webseiten, Blogs und Wikis haben mir in der Vergangenheit bei der Auswahl und beim Entdecken neuer Software geholfen.<\/p>\n<ul>\n<li><a href=\"http:\/\/kmandla.wordpress.com\/\">Motho ke motho ka botho<\/a><\/li>\n<li>K.Mandlas Wiki<\/li>\n<li><a href=\"https:\/\/wiki.archlinux.org\/index.php\/Lightweight_Applications\">Arch Linux Wiki<\/a><\/li>\n<li>Gunnix<\/li>\n<li>jaredandcoralee.com<\/li>\n<\/ul>\n","protected":false},"excerpt":{"rendered":"<p>Hier ist eine \u00dcbersicht zu leichtgewichtiger Software, die ich pers\u00f6nlich verwende. Sie ist in Software mit einer grafischen Benutzeroberfl\u00e4che (mit X) und Konsolenanwendungen (ohne X) aufgeteilt. mit X ohne X F\u00fcr alle Anwendungen gilt: Sie funktionieren problemlos auf meinen \u00e4lteren Computern. Sie konzentrieren sich auf eine Aufgabe und erf\u00fcllen diese ohne Wenn und Aber. Sie &hellip; <\/p>\n<p class=\"link-more\"><a href=\"https:\/\/gambaru.de\/blog\/software\/\" class=\"more-link\"><span class=\"screen-reader-text\">\u201eSoftware\u201c<\/span> weiterlesen<\/a><\/p>\n","protected":false},"author":1,"featured_media":0,"parent":0,"menu_order":0,"comment_status":"open","ping_status":"open","template":"","meta":[],"_links":{"self":[{"href":"https:\/\/gambaru.de\/blog\/wp-json\/wp\/v2\/pages\/3593"}],"collection":[{"href":"https:\/\/gambaru.de\/blog\/wp-json\/wp\/v2\/pages"}],"about":[{"href":"https:\/\/gambaru.de\/blog\/wp-json\/wp\/v2\/types\/page"}],"author":[{"embeddable":true,"href":"https:\/\/gambaru.de\/blog\/wp-json\/wp\/v2\/users\/1"}],"replies":[{"embeddable":true,"href":"https:\/\/gambaru.de\/blog\/wp-json\/wp\/v2\/comments?post=3593"}],"version-history":[{"count":0,"href":"https:\/\/gambaru.de\/blog\/wp-json\/wp\/v2\/pages\/3593\/revisions"}],"wp:attachment":[{"href":"https:\/\/gambaru.de\/blog\/wp-json\/wp\/v2\/media?parent=3593"}],"curies":[{"name":"wp","href":"https:\/\/api.w.org\/{rel}","templated":true}]}}