{"id":2954,"date":"2011-09-02T15:06:17","date_gmt":"2011-09-02T13:06:17","guid":{"rendered":"https:\/\/www.gambaru.de\/blog\/?page_id=2954"},"modified":"2020-03-25T00:55:20","modified_gmt":"2020-03-24T23:55:20","slug":"mit-x","status":"publish","type":"page","link":"https:\/\/gambaru.de\/blog\/software\/mit-x\/","title":{"rendered":"mit X"},"content":{"rendered":"<p><a href=\"http:\/\/www.abisource.com\/\">Abiword<\/a><br \/>\n<a href=\"https:\/\/gambaru.de\/blog\/wp-content\/uploads\/2011\/09\/20110904_Abiword1-1.png\"><img decoding=\"async\" loading=\"lazy\" class=\"aligncenter wp-image-3652 size-medium\" title=\"20110904_Abiword\" src=\"https:\/\/gambaru.de\/blog\/wp-content\/uploads\/2011\/09\/20110904_Abiword1-1-300x238.png\" alt=\"\" width=\"300\" height=\"238\" srcset=\"https:\/\/gambaru.de\/blog\/wp-content\/uploads\/2011\/09\/20110904_Abiword1-1-300x238.png 300w, https:\/\/gambaru.de\/blog\/wp-content\/uploads\/2011\/09\/20110904_Abiword1-1-768x609.png 768w, https:\/\/gambaru.de\/blog\/wp-content\/uploads\/2011\/09\/20110904_Abiword1-1.png 945w\" sizes=\"(max-width: 300px) 100vw, 300px\" \/><\/a><br \/>\nZu einem klassischen PC geh\u00f6rt nat\u00fcrlich auch B\u00fcrosoftware. In der Regel benutze ich <a href=\"http:\/\/www.libreoffice.org\/\">LibreOffice<\/a> f\u00fcr diese Art von Aufgabe. Leider l\u00e4sst die Performance auf den \u00e4ltesten Laptops mehr und mehr nach. Abiword ist hier die richtige Alternative, mit der sich alle Dokumentenformate bearbeiten lassen, die ich t\u00e4glich brauche. Das Programm startet schnell und reagiert ebenso gut auf Eingaben. Als Erg\u00e4nzung kann ich <a href=\"http:\/\/de.wikipedia.org\/wiki\/Gnumeric\">Gnumeric<\/a> empfehlen, das f\u00fcr private Tabellenkalkulation mehr als ausreichend ist.<\/p>\n<p><a href=\"https:\/\/www.gambaru.de\/blog\/tag\/browser\/\">Browser<\/a><\/p>\n<p>Zur Zeit habe ich keinen Browser, den ich ausschlie\u00dflich als grafische Alternative auf \u00e4lterer Hardware empfehlen k\u00f6nnte. Je nach Anforderung w\u00e4hle ich hier aus der Vielzahl an Freier Software. Aus eigener Erfahrung schneiden WebKit Browser in Punkto Webstandards und Geschwindigkeit prinzipiell sehr gut ab. In der Regel habe ich eine Handvoll Webseiten, die ich regelm\u00e4\u00dfig aufrufe und die einfach funktionieren m\u00fcssen. Hier leistet mir <a href=\"http:\/\/www.twotoasts.de\/\">Midori<\/a> gute Dienste. Gemessen an anderen Browsern ist seine Startzeit auf \u00e4lterer Hardware bemerkenswert schnell und die Darstellung von Webseiten ist ausgezeichnet. Wenn man sich an die Tastensteuerung gew\u00f6hnen kann, auf Feature verzichtet und tats\u00e4chlich nur Webseiten anschauen m\u00f6chte, kann ich auch <a href=\"http:\/\/surf.suckless.org\/\">surf<\/a> empfehlen.<br \/>\nIn der Regel benutzte ich Iceweasel alias <a href=\"http:\/\/www.mozilla.org\/\">Firefox<\/a>, der aber leider auf \u00e4lterer Hardware oft zu tr\u00e4ge reagiert. Als einziger \"gro\u00dfer\" Browser mit zahlreichen Alleinstellungsmerkmalen bleibt <a href=\"http:\/\/www.opera.com\/\">Opera<\/a> auch auf \u00e4lterer Hardware weiterhin brauchbar. Er ist der einzige der Gro\u00dfen, den ich auch auf so begrenzter Hardware wie bei meinem Toshiba Portege 3110CT noch empfehlen kann. Einziger Wermutstropfen: Opera ist nicht Freie Software.<\/p>\n<p><a href=\"http:\/\/www.claws-mail.org\/\">Claws Mail<\/a><br \/>\n<a href=\"https:\/\/gambaru.de\/blog\/wp-content\/uploads\/2011\/07\/20110722_claws_mail_plugins_inspiron40001-1.jpg\"><img decoding=\"async\" loading=\"lazy\" class=\"aligncenter wp-image-3054 size-medium\" title=\"20110722_claws_mail_plugins_inspiron4000\" src=\"https:\/\/gambaru.de\/blog\/wp-content\/uploads\/2011\/07\/20110722_claws_mail_plugins_inspiron40001-1-300x220.jpg\" alt=\"\" width=\"300\" height=\"220\" srcset=\"https:\/\/gambaru.de\/blog\/wp-content\/uploads\/2011\/07\/20110722_claws_mail_plugins_inspiron40001-1-300x220.jpg 300w, https:\/\/gambaru.de\/blog\/wp-content\/uploads\/2011\/07\/20110722_claws_mail_plugins_inspiron40001-1-768x563.jpg 768w, https:\/\/gambaru.de\/blog\/wp-content\/uploads\/2011\/07\/20110722_claws_mail_plugins_inspiron40001-1-1024x750.jpg 1024w, https:\/\/gambaru.de\/blog\/wp-content\/uploads\/2011\/07\/20110722_claws_mail_plugins_inspiron40001-1.jpg 1400w\" sizes=\"(max-width: 300px) 100vw, 300px\" \/><\/a><br \/>\nClaws Mail ist ein E-Mail-Client, der sich intuitiv bedienen l\u00e4sst und dabei alle Funktionen mitbringt, die ich auch von Icedove\/Thunderbird gewohnt bin. Er unterst\u00fctzt alle g\u00e4ngigen Standards wie POP3, IMAP4 mit SSL oder ohne, GnuPG l\u00e4sst sich unkompliziert \u00fcber ein Plugin nachr\u00fcsten, Mails lassen sich nach Threads gruppieren, es gibt diverse Filterm\u00f6glichkeiten und Claws ist dazu noch \u00e4u\u00dferst reaktionsfreudig und schnell. Mit Hilfe des Pluginsystems l\u00e4sst sich Claws-Mail durch zus\u00e4tzliche Funktionen leicht erweitern. Insbesondere die Flexibilit\u00e4t, Anpassbarkeit und Vielseitigkeit dieses E-Mail-Clients gefallen mir ausgesprochen gut. Alternative: <a href=\"http:\/\/sylpheed.sraoss.jp\/en\/\">Sylpheed<\/a><\/p>\n<p><a href=\"http:\/\/conky.sourceforge.net\/\">Conky<\/a><br \/>\nNormalerweise gen\u00fcgen mir ein paar <a href=\"https:\/\/www.gambaru.de\/blog\/2011\/07\/23\/systemmonitore-fur-die-konsole\/\">Systemmonitore f\u00fcr die Konsole<\/a>, um einen \u00dcberblick \u00fcber die wichtigsten Systeminformationen meines Rechners zu haben. Conky ist das grafische Gegenst\u00fcck dazu. In einer einzelnen Textdatei l\u00e4sst sich das Aussehen den eigenen W\u00fcnschen anpassen. Dabei reicht die Palette von einer schlichten Anzeige f\u00fcr CPU-Auslastung und Speicherverbrauch bis zu einer bildschirmf\u00fcllenden grafischen Netzwerklastanzeige. Conky ist f\u00fcr alle Anspr\u00fcche geeignet und harmoniert hervorragend mit einer reiner Fenstermanager + X-L\u00f6sung.<\/p>\n<p><a href=\"http:\/\/wiki.ubuntuusers.de\/feh\">feh<\/a><br \/>\nFeh ist nicht nur sehr schnell, wenn es darum geht Bilder darzustellen, er eignet sich auch prima um <a href=\"https:\/\/www.gambaru.de\/blog\/2010\/12\/26\/rotierende-hintergrundbilder-mit-feh\/\">Hintergrundbilder<\/a> bei reinen Fenstermanagern anzeigen zu lassen. Mittlerweile habe ich feh in jedem anderen Programm und Dateimanager als Bildbetrachter voreingestellt. Feh wird normalerweise von der Kommandozeile aus aufgerufen und hat keine GUI, so wie man sie von anderen Bildbetrachtern kennt. Als Alternative bieten sich auch GPicView, Viewnior oder GQView an.<\/p>\n<p><a href=\"http:\/\/tarot.freeshell.org\/leafpad\/\">Leafpad<\/a><br \/>\n<a href=\"https:\/\/gambaru.de\/blog\/wp-content\/uploads\/2011\/09\/leafpad1-1.png\"><img decoding=\"async\" loading=\"lazy\" class=\"aligncenter wp-image-7478 size-medium\" title=\"leafpad\" src=\"https:\/\/gambaru.de\/blog\/wp-content\/uploads\/2011\/09\/leafpad1-1-300x241.png\" alt=\"\" width=\"300\" height=\"241\" srcset=\"https:\/\/gambaru.de\/blog\/wp-content\/uploads\/2011\/09\/leafpad1-1-300x241.png 300w, https:\/\/gambaru.de\/blog\/wp-content\/uploads\/2011\/09\/leafpad1-1.png 682w\" sizes=\"(max-width: 300px) 100vw, 300px\" \/><\/a><br \/>\nEin simpler grafischer Editor, der durch seine schnellen Startzeiten und den \u00fcbersichtlichen Aufbau \u00fcberzeugt. Es gibt keine \u00fcberzogenen Abh\u00e4ngigkeiten, Zeilennummern lassen sich anzeigen, Drag&amp;Drop und Funktion zum R\u00fcckg\u00e4ngig machen existiert und die Notizen lassen sich problemlos ausdrucken. Alles was ich brauche.<\/p>\n<div style=\"clear: both;\"><\/div>\n<p><a href=\"http:\/\/mtpaint.sourceforge.net\/\">mtPaint<\/a><br \/>\n<a href=\"https:\/\/gambaru.de\/blog\/wp-content\/uploads\/2011\/09\/20110904_mtPaint1-1.png\"><img decoding=\"async\" loading=\"lazy\" class=\"aligncenter wp-image-3657 size-medium\" title=\"20110904_mtPaint\" src=\"https:\/\/gambaru.de\/blog\/wp-content\/uploads\/2011\/09\/20110904_mtPaint1-1-300x274.png\" alt=\"\" width=\"300\" height=\"274\" srcset=\"https:\/\/gambaru.de\/blog\/wp-content\/uploads\/2011\/09\/20110904_mtPaint1-1-300x274.png 300w, https:\/\/gambaru.de\/blog\/wp-content\/uploads\/2011\/09\/20110904_mtPaint1-1-768x702.png 768w, https:\/\/gambaru.de\/blog\/wp-content\/uploads\/2011\/09\/20110904_mtPaint1-1.png 1017w\" sizes=\"(max-width: 300px) 100vw, 300px\" \/><\/a><br \/>\nViele kennen <a href=\"http:\/\/www.gimp.org\/\">Gimp<\/a> und sind erst einmal von der Vielzahl an Funktionen \u00fcberw\u00e4ltigt. Oft sucht man aber nur nach einer einfachen M\u00f6glichkeit ein Bild zurechtzuschneiden oder in ein anderes Format umzuwandeln. Genau hier kommt mtPaint ins Spiel. Dar\u00fcber hinaus lassen sich auch einfache Objekte schnell zeichnen und selbst Screenshots aufnehmen ist <a href=\"https:\/\/www.gambaru.de\/blog\/2012\/01\/06\/mtpaint-ein-grundlagen-tutorial-mit-lubuntu\/\">mit mtPaint kein Problem<\/a>. Au\u00dferdem lassen sich all diese Aufgaben und fortgeschrittenen Techniken wie das Arbeiten mit Ebenen, Gradienten, Effekten und Animationen selbst mit einem Pentium II und 32 MB RAM noch l\u00f6sen. Empfehlenswert.<br \/>\n<a href=\"http:\/\/openbox.org\/\"><br \/>\nOpenbox<\/a><br \/>\nOpenbox ist zwar nicht die einzige Alternative, wenn es darum geht eine grafische Desktopumgebung zusammenzustellen, die das Meiste aus einem Computer herausholt. Was Openbox aber auszeichnet ist seine intuitive Bedienung und die klar strukturierte Konfiguration. Alles spielt sich in drei Textdateien ab, f\u00fcr die es zus\u00e4tzlich noch grafische Werkzeuge gibt, um den Fenstermanager an die eigenen Bed\u00fcrfnisse anzupassen. Openbox konzentriert sich auf das Wesentliche, das Zeichnen der Fenster, und \u00fcberl\u00e4sst es anderen Programmen zus\u00e4tzliche Funktionen zur Verf\u00fcgung zu stellen.<\/p>\n<p><a href=\"http:\/\/clayo.org\/osmo\/\">Osmo<\/a><br \/>\n<a href=\"https:\/\/gambaru.de\/blog\/wp-content\/uploads\/2011\/09\/osmo1-1.png\"><img decoding=\"async\" loading=\"lazy\" class=\"aligncenter wp-image-4333 size-medium\" title=\"osmo\" src=\"https:\/\/gambaru.de\/blog\/wp-content\/uploads\/2011\/09\/osmo1-1-300x286.png\" alt=\"\" width=\"300\" height=\"286\" srcset=\"https:\/\/gambaru.de\/blog\/wp-content\/uploads\/2011\/09\/osmo1-1-300x286.png 300w, https:\/\/gambaru.de\/blog\/wp-content\/uploads\/2011\/09\/osmo1-1.png 718w\" sizes=\"(max-width: 300px) 100vw, 300px\" \/><\/a><br \/>\nM\u00f6glichkeiten einen privaten Terminkalender zu f\u00fchren sind zahllos. Manchmal reicht eine Textdatei schon aus, ein anderes Mal muss es ein kompletter Manager f\u00fcr pers\u00f6nliche Informationen (PIM) sein. Osmo ist nicht nur anspruchslos an die Hardware, sondern bietet einen Kalender, Aufgabenplaner und Kontaktverwaltung in einer Applikation an. Er erinnert mich an Geburtstage und speichert meine Notizen. Dabei ist er sehr \u00fcbersichtlich und leicht zu bedienen.<br \/>\n<a href=\"http:\/\/software.schmorp.de\/pkg\/rxvt-unicode.html\"><br \/>\nrxvt-unicode (urxvt)<\/a><br \/>\nMit rxvt-unicode im 256-Farbenmodus und dem <a href=\"https:\/\/www.gambaru.de\/blog\/2011\/06\/11\/solarized-massage-fur-die-geplagten-augen\/\">Solarized<\/a>-Thema habe ich einen Terminalemulator gefunden, der sich flexibel gestalten l\u00e4sst, problemlos mit Sonderzeichen umgehen kann und dazu auch noch ressourcenschonend ist. Xterm ist zwar nach wie vor der sparsamste aller Terminalemulatoren, ist aber weniger anpassbar als urxvt.<\/p>\n<p><a href=\"http:\/\/wiki.ubuntuusers.de\/scrot\">scrot<\/a><br \/>\nEin Bildschirmfoto erspart oft die ber\u00fchmten 1000 Worte. Scrot eignet sich hervorragend daf\u00fcr und l\u00e4sst sich direkt von der Kommandozeile bedienen. Mittlerweile ist es in meinem <a href=\"https:\/\/www.gambaru.de\/blog\/2011\/05\/25\/mach-ein-bildschirmfoto-mit-scrot\/\">Openboxmen\u00fc eingebunden<\/a>, von wo aus ich nur noch einen Men\u00fceintrag ausw\u00e4hlen muss, um entweder ein Fenster, den gesamten Bildschirm oder einen selbst gew\u00e4hlten Bereich in einer Bilddatei zu verewigen.<\/p>\n<p><a href=\"http:\/\/thunar.xfce.org\/\">Thunar<\/a><br \/>\nMein Bedarf f\u00fcr Dateimanager ist gering. In der Regel erledige ich Kleinigkeiten, indem ich auf die Standardwerkzeuge wie cp, mv oder rm zur\u00fcckgreife. An Thunar sch\u00e4tze ich, dass er genauso \u00fcbersichtlich wie Nautilus ist, aber deutlich weniger Ressourcen verschlingt. Es gibt eine Thumbnail-Vorschau von Videos und Bildern. Thunar l\u00e4sst sich mit gvfs netzwerkf\u00e4hig machen, so dass entfernte Dateisysteme intuitiv eingebunden werden k\u00f6nnen. Mounten von Datentr\u00e4gern geht spielend leicht mit Thunars Volumemanager Plugin. Selbst f\u00fcr anspruchsvollere Aufgaben lassen sich \"Aktionen\" erstellen, die dann im Men\u00fc benutzt werden k\u00f6nnen.<br \/>\nAls Alternative empfehle ich<a href=\"http:\/\/pcmanfm.sourceforge.net\/\"> PCmanFM<\/a>, der vielleicht sogar noch eine Spur gen\u00fcgsamer ist und ebenfalls leicht zu bedienen ist. Am Ende ist es wirklich nur Geschmackssache.<\/p>\n<p><a href=\"http:\/\/code.google.com\/p\/tint2\/\">Tint2<\/a><br \/>\nOhne Frage gibt es f\u00fcr den Fenstermanager der Wahl mehrere Panelalternativen. Tint2 geht einfach deshalb als Sieger hervor, weil er ressourcensparend und anpassbar ist, wenige Abh\u00e4ngigkeiten hat und dabei noch gut aussieht. In einer einzigen Konfigurationsdatei l\u00e4sst sich sowohl das Aussehen als auch das Verhalten steuern. Empfehlenswert.<\/p>\n<p><a href=\"http:\/\/www.transmissionbt.com\/\">Transmission<\/a><br \/>\n<a href=\"https:\/\/gambaru.de\/blog\/wp-content\/uploads\/2011\/09\/20110905_Transmission1-1.png\"><img decoding=\"async\" loading=\"lazy\" class=\"aligncenter wp-image-3660 size-medium\" title=\"20110905_Transmission\" src=\"https:\/\/gambaru.de\/blog\/wp-content\/uploads\/2011\/09\/20110905_Transmission1-1-300x268.png\" alt=\"\" width=\"300\" height=\"268\" srcset=\"https:\/\/gambaru.de\/blog\/wp-content\/uploads\/2011\/09\/20110905_Transmission1-1-300x268.png 300w, https:\/\/gambaru.de\/blog\/wp-content\/uploads\/2011\/09\/20110905_Transmission1-1.png 588w\" sizes=\"(max-width: 300px) 100vw, 300px\" \/><\/a><br \/>\nAn Transmission sch\u00e4tze ich, dass der Torrent-Client sehr benutzerfreundlich ist. Die Aufteilung der GUI ist schlicht und intuitiv. Bei Transmission hat man die Wahl, ob man eine grafische Oberfl\u00e4che bevorzugt, das Ganze \u00fcber ein Webfrontend steuert oder doch lieber alles direkt auf der Konsole macht. Transmission unterst\u00fctzt alle g\u00e4ngigen Feature, wie z.B. Verschl\u00fcsselung des Datenverkehrs, DHT und Metalinks.<\/p>\n","protected":false},"excerpt":{"rendered":"<p>Abiword Zu einem klassischen PC geh\u00f6rt nat\u00fcrlich auch B\u00fcrosoftware. In der Regel benutze ich LibreOffice f\u00fcr diese Art von Aufgabe. Leider l\u00e4sst die Performance auf den \u00e4ltesten Laptops mehr und mehr nach. Abiword ist hier die richtige Alternative, mit der sich alle Dokumentenformate bearbeiten lassen, die ich t\u00e4glich brauche. Das Programm startet schnell und reagiert &hellip; <\/p>\n<p class=\"link-more\"><a href=\"https:\/\/gambaru.de\/blog\/software\/mit-x\/\" class=\"more-link\"><span class=\"screen-reader-text\">\u201emit X\u201c<\/span> weiterlesen<\/a><\/p>\n","protected":false},"author":1,"featured_media":0,"parent":3593,"menu_order":0,"comment_status":"closed","ping_status":"closed","template":"","meta":[],"_links":{"self":[{"href":"https:\/\/gambaru.de\/blog\/wp-json\/wp\/v2\/pages\/2954"}],"collection":[{"href":"https:\/\/gambaru.de\/blog\/wp-json\/wp\/v2\/pages"}],"about":[{"href":"https:\/\/gambaru.de\/blog\/wp-json\/wp\/v2\/types\/page"}],"author":[{"embeddable":true,"href":"https:\/\/gambaru.de\/blog\/wp-json\/wp\/v2\/users\/1"}],"replies":[{"embeddable":true,"href":"https:\/\/gambaru.de\/blog\/wp-json\/wp\/v2\/comments?post=2954"}],"version-history":[{"count":1,"href":"https:\/\/gambaru.de\/blog\/wp-json\/wp\/v2\/pages\/2954\/revisions"}],"predecessor-version":[{"id":11223,"href":"https:\/\/gambaru.de\/blog\/wp-json\/wp\/v2\/pages\/2954\/revisions\/11223"}],"up":[{"embeddable":true,"href":"https:\/\/gambaru.de\/blog\/wp-json\/wp\/v2\/pages\/3593"}],"wp:attachment":[{"href":"https:\/\/gambaru.de\/blog\/wp-json\/wp\/v2\/media?parent=2954"}],"curies":[{"name":"wp","href":"https:\/\/api.w.org\/{rel}","templated":true}]}}